{"id":1537,"date":"2021-11-22T13:58:42","date_gmt":"2021-11-22T18:58:42","guid":{"rendered":"http:\/\/avisionteam.local\/contacta-con-nosotros\/"},"modified":"2025-05-23T11:38:33","modified_gmt":"2025-05-23T15:38:33","slug":"contacta-con-nosotros","status":"publish","type":"page","link":"https:\/\/avisionteam.com\/es\/contacta-con-nosotros\/","title":{"rendered":"Contacta con nosotros"},"content":{"rendered":"\t\t<div data-elementor-type=\"wp-page\" data-elementor-id=\"1537\" class=\"elementor elementor-1537 elementor-401\" data-elementor-post-type=\"page\">\n\t\t\t\t\t\t<section class=\"elementor-section elementor-top-section elementor-element elementor-element-57e34330 elementor-section-height-min-height elementor-section-boxed elementor-section-height-default elementor-section-items-middle\" data-id=\"57e34330\" data-element_type=\"section\" data-settings=\"{&quot;background_background&quot;:&quot;classic&quot;}\">\n\t\t\t\t\t\t<div class=\"elementor-container elementor-column-gap-no\">\n\t\t\t\t\t<div class=\"elementor-column elementor-col-50 elementor-top-column elementor-element elementor-element-3d8c42aa\" data-id=\"3d8c42aa\" data-element_type=\"column\">\n\t\t\t<div class=\"elementor-widget-wrap elementor-element-populated\">\n\t\t\t\t\t\t<div class=\"elementor-element elementor-element-180f3a88 elementor-invisible elementor-widget elementor-widget-heading\" data-id=\"180f3a88\" data-element_type=\"widget\" data-settings=\"{&quot;_animation&quot;:&quot;fadeInLeft&quot;,&quot;_animation_delay&quot;:200,&quot;_animation_tablet&quot;:&quot;none&quot;}\" data-widget_type=\"heading.default\">\n\t\t\t\t<div class=\"elementor-widget-container\">\n\t\t\t\t\t<h1 class=\"elementor-heading-title elementor-size-default\">Contacta con nosotros<\/h1>\t\t\t\t<\/div>\n\t\t\t\t<\/div>\n\t\t\t\t<div class=\"elementor-element elementor-element-55906e34 elementor-invisible elementor-widget elementor-widget-text-editor\" data-id=\"55906e34\" data-element_type=\"widget\" data-settings=\"{&quot;_animation&quot;:&quot;fadeInLeft&quot;,&quot;_animation_delay&quot;:400,&quot;_animation_tablet&quot;:&quot;none&quot;}\" data-widget_type=\"text-editor.default\">\n\t\t\t\t<div class=\"elementor-widget-container\">\n\t\t\t\t\t\t\t\t\t<p>Ay\u00fadanos a ponerte en contacto con el representante de Avision m\u00e1s adecuado seleccionando una de las opciones siguientes.<\/p>\t\t\t\t\t\t\t\t<\/div>\n\t\t\t\t<\/div>\n\t\t\t\t\t<\/div>\n\t\t<\/div>\n\t\t\t\t<div class=\"elementor-column elementor-col-50 elementor-top-column elementor-element elementor-element-223bb555 elementor-hidden-mobile\" data-id=\"223bb555\" data-element_type=\"column\">\n\t\t\t<div class=\"elementor-widget-wrap\">\n\t\t\t\t\t\t\t<\/div>\n\t\t<\/div>\n\t\t\t\t\t<\/div>\n\t\t<\/section>\n\t\t\t\t<section class=\"elementor-section elementor-top-section elementor-element elementor-element-20655b30 elementor-section-full_width elementor-section-height-default elementor-section-height-default\" data-id=\"20655b30\" data-element_type=\"section\">\n\t\t\t\t\t\t<div class=\"elementor-container elementor-column-gap-no\">\n\t\t\t\t\t<div class=\"elementor-column elementor-col-100 elementor-top-column elementor-element elementor-element-7c434145\" data-id=\"7c434145\" data-element_type=\"column\">\n\t\t\t<div class=\"elementor-widget-wrap elementor-element-populated\">\n\t\t\t\t\t\t<div class=\"elementor-element elementor-element-2f16cb10 elementor-widget elementor-widget-image\" data-id=\"2f16cb10\" data-element_type=\"widget\" data-widget_type=\"image.default\">\n\t\t\t\t<div class=\"elementor-widget-container\">\n\t\t\t\t\t\t\t\t\t\t\t\t\t\t\t<img fetchpriority=\"high\" decoding=\"async\" width=\"1920\" height=\"95\" src=\"https:\/\/avisionteam.com\/wp-content\/uploads\/2021\/10\/shape-divider-below-title.svg\" class=\"attachment-large size-large wp-image-1268\" alt=\"\" \/>\t\t\t\t\t\t\t\t\t\t\t\t\t\t\t<\/div>\n\t\t\t\t<\/div>\n\t\t\t\t\t<\/div>\n\t\t<\/div>\n\t\t\t\t\t<\/div>\n\t\t<\/section>\n\t\t\t\t<section class=\"elementor-section elementor-top-section elementor-element elementor-element-3d9597e elementor-section-full_width elementor-section-height-default elementor-section-height-default\" data-id=\"3d9597e\" data-element_type=\"section\" data-settings=\"{&quot;background_background&quot;:&quot;classic&quot;}\">\n\t\t\t\t\t\t<div class=\"elementor-container elementor-column-gap-no\">\n\t\t\t\t\t<div class=\"elementor-column elementor-col-33 elementor-top-column elementor-element elementor-element-de1113a\" data-id=\"de1113a\" data-element_type=\"column\">\n\t\t\t<div class=\"elementor-widget-wrap elementor-element-populated\">\n\t\t\t\t\t\t<div class=\"elementor-element elementor-element-182023f elementor-cta--skin-cover elementor-cta--valign-middle elementor-bg-transform elementor-bg-transform-zoom-in elementor-widget elementor-widget-call-to-action\" data-id=\"182023f\" data-element_type=\"widget\" data-widget_type=\"call-to-action.default\">\n\t\t\t\t<div class=\"elementor-widget-container\">\n\t\t\t\t\t\t\t<div class=\"elementor-cta\">\n\t\t\t\t\t<div class=\"elementor-cta__bg-wrapper\">\n\t\t\t\t<div class=\"elementor-cta__bg elementor-bg\" style=\"background-image: url(https:\/\/avisionteam.com\/wp-content\/uploads\/2021\/12\/AVITEA_Web_CTA_MNFR02.jpg);\" role=\"img\" aria-label=\"The Avision Team has the knowledge and demonstration skills necessary to gain market share and close business.\"><\/div>\n\t\t\t\t<div class=\"elementor-cta__bg-overlay\"><\/div>\n\t\t\t<\/div>\n\t\t\t\t\t\t\t<div class=\"elementor-cta__content\">\n\t\t\t\t\n\t\t\t\t\t\t\t\t\t<h2 class=\"elementor-cta__title elementor-cta__content-item elementor-content-item\">\n\t\t\t\t\t\tLos fabricantes buscan representaci\u00f3n\t\t\t\t\t<\/h2>\n\t\t\t\t\n\t\t\t\t\n\t\t\t\t\t\t\t\t\t<div class=\"elementor-cta__button-wrapper elementor-cta__content-item elementor-content-item \">\n\t\t\t\t\t<a class=\"elementor-cta__button elementor-button elementor-size-\" href=\"https:\/\/avisionteam.com\/manufacturers-contact\/\">\n\t\t\t\t\t\tPonte en contacto\t\t\t\t\t<\/a>\n\t\t\t\t\t<\/div>\n\t\t\t\t\t\t\t<\/div>\n\t\t\t\t\t\t<\/div>\n\t\t\t\t\t\t<\/div>\n\t\t\t\t<\/div>\n\t\t\t\t\t<\/div>\n\t\t<\/div>\n\t\t\t\t<div class=\"elementor-column elementor-col-33 elementor-top-column elementor-element elementor-element-99afd6b\" data-id=\"99afd6b\" data-element_type=\"column\">\n\t\t\t<div class=\"elementor-widget-wrap elementor-element-populated\">\n\t\t\t\t\t\t<div class=\"elementor-element elementor-element-d9d2f6b elementor-cta--skin-cover elementor-cta--valign-middle elementor-bg-transform elementor-bg-transform-zoom-in elementor-widget elementor-widget-call-to-action\" data-id=\"d9d2f6b\" data-element_type=\"widget\" data-widget_type=\"call-to-action.default\">\n\t\t\t\t<div class=\"elementor-widget-container\">\n\t\t\t\t\t\t\t<div class=\"elementor-cta\">\n\t\t\t\t\t<div class=\"elementor-cta__bg-wrapper\">\n\t\t\t\t<div class=\"elementor-cta__bg elementor-bg\" style=\"background-image: url(https:\/\/avisionteam.com\/wp-content\/uploads\/2021\/12\/AVITEA_Web_CTA_Dist.jpg);\" role=\"img\" aria-label=\"A picture linking Distributors Interested in Avision Manufacturers to an information request form.\"><\/div>\n\t\t\t\t<div class=\"elementor-cta__bg-overlay\"><\/div>\n\t\t\t<\/div>\n\t\t\t\t\t\t\t<div class=\"elementor-cta__content\">\n\t\t\t\t\n\t\t\t\t\t\t\t\t\t<h2 class=\"elementor-cta__title elementor-cta__content-item elementor-content-item\">\n\t\t\t\t\t\tDistribuidores interesados en Avision Fabricantes\t\t\t\t\t<\/h2>\n\t\t\t\t\n\t\t\t\t\n\t\t\t\t\t\t\t\t\t<div class=\"elementor-cta__button-wrapper elementor-cta__content-item elementor-content-item \">\n\t\t\t\t\t<a class=\"elementor-cta__button elementor-button elementor-size-\" href=\"https:\/\/avisionteam.com\/distributors-contact\/\">\n\t\t\t\t\t\tPonte en contacto\t\t\t\t\t<\/a>\n\t\t\t\t\t<\/div>\n\t\t\t\t\t\t\t<\/div>\n\t\t\t\t\t\t<\/div>\n\t\t\t\t\t\t<\/div>\n\t\t\t\t<\/div>\n\t\t\t\t\t<\/div>\n\t\t<\/div>\n\t\t\t\t<div class=\"elementor-column elementor-col-33 elementor-top-column elementor-element elementor-element-b0a119e\" data-id=\"b0a119e\" data-element_type=\"column\">\n\t\t\t<div class=\"elementor-widget-wrap elementor-element-populated\">\n\t\t\t\t\t\t<div class=\"elementor-element elementor-element-f233d33 elementor-cta--skin-cover elementor-cta--valign-middle elementor-bg-transform elementor-bg-transform-zoom-in elementor-widget elementor-widget-call-to-action\" data-id=\"f233d33\" data-element_type=\"widget\" data-widget_type=\"call-to-action.default\">\n\t\t\t\t<div class=\"elementor-widget-container\">\n\t\t\t\t\t\t\t<a class=\"elementor-cta\" href=\"https:\/\/avisionteam.com\/end-users-contact\/\">\n\t\t\t\t\t<div class=\"elementor-cta__bg-wrapper\">\n\t\t\t\t<div class=\"elementor-cta__bg elementor-bg\" style=\"background-image: url(https:\/\/avisionteam.com\/wp-content\/uploads\/2021\/12\/AVITEA_Web_CTA_End-User.jpg);\" role=\"img\" aria-label=\"A picture linking Commercial End-Users Interested in Avision Manufacturers and Distributors to an information request form.\"><\/div>\n\t\t\t\t<div class=\"elementor-cta__bg-overlay\"><\/div>\n\t\t\t<\/div>\n\t\t\t\t\t\t\t<div class=\"elementor-cta__content\">\n\t\t\t\t\n\t\t\t\t\t\t\t\t\t<h2 class=\"elementor-cta__title elementor-cta__content-item elementor-content-item\">\n\t\t\t\t\t\tUsuarios finales comerciales (compradores fuera de casa)\t\t\t\t\t<\/h2>\n\t\t\t\t\n\t\t\t\t\n\t\t\t\t\t\t\t\t\t<div class=\"elementor-cta__button-wrapper elementor-cta__content-item elementor-content-item \">\n\t\t\t\t\t<span class=\"elementor-cta__button elementor-button elementor-size-\">\n\t\t\t\t\t\tPonte en contacto\t\t\t\t\t<\/span>\n\t\t\t\t\t<\/div>\n\t\t\t\t\t\t\t<\/div>\n\t\t\t\t\t\t<\/a>\n\t\t\t\t\t\t<\/div>\n\t\t\t\t<\/div>\n\t\t\t\t\t<\/div>\n\t\t<\/div>\n\t\t\t\t\t<\/div>\n\t\t<\/section>\n\t\t\t\t<\/div>\n\t\t","protected":false},"excerpt":{"rendered":"<p>Contacta con nosotros Ay\u00fadanos a ponerte en contacto con el representante de Avision m\u00e1s adecuado seleccionando una de las opciones siguientes. Los fabricantes buscan representaci\u00f3n Ponte en contacto Distribuidores interesados en Avision Fabricantes Ponte en contacto Usuarios finales comerciales (compradores fuera de casa) Ponte en contacto<\/p>\n","protected":false},"author":4,"featured_media":0,"parent":0,"menu_order":0,"comment_status":"closed","ping_status":"closed","template":"elementor_header_footer","meta":{"_acf_changed":false,"footnotes":""},"class_list":["post-1537","page","type-page","status-publish","hentry"],"acf":[],"yoast_head":"<!-- This site is optimized with the Yoast SEO plugin v26.6 - https:\/\/yoast.com\/wordpress\/plugins\/seo\/ -->\n<title>Contacta con nosotros - Avision<\/title>\n<meta name=\"description\" content=\"Los fabricantes que busquen representaci\u00f3n, los distribuidores que deseen informaci\u00f3n sobre los fabricantes de Avision y los usuarios finales que busquen puntos de venta, ponte en contacto con nosotros hoy mismo.\" \/>\n<meta name=\"robots\" content=\"index, follow, max-snippet:-1, max-image-preview:large, max-video-preview:-1\" \/>\n<link rel=\"canonical\" href=\"https:\/\/avisionteam.com\/es\/contacta-con-nosotros\/\" \/>\n<meta property=\"og:locale\" content=\"es_ES\" \/>\n<meta property=\"og:type\" content=\"article\" \/>\n<meta property=\"og:title\" content=\"Contacta con nosotros - Avision\" \/>\n<meta property=\"og:description\" content=\"Los fabricantes que busquen representaci\u00f3n, los distribuidores que deseen informaci\u00f3n sobre los fabricantes de Avision y los usuarios finales que busquen puntos de venta, ponte en contacto con nosotros hoy mismo.\" \/>\n<meta property=\"og:url\" content=\"https:\/\/avisionteam.com\/es\/contacta-con-nosotros\/\" \/>\n<meta property=\"og:site_name\" content=\"Avision\" \/>\n<meta property=\"article:modified_time\" content=\"2025-05-23T15:38:33+00:00\" \/>\n<meta name=\"twitter:card\" content=\"summary_large_image\" \/>\n<script type=\"application\/ld+json\" class=\"yoast-schema-graph\">{\"@context\":\"https:\/\/schema.org\",\"@graph\":[{\"@type\":\"WebPage\",\"@id\":\"https:\/\/avisionteam.com\/es\/contacta-con-nosotros\/\",\"url\":\"https:\/\/avisionteam.com\/es\/contacta-con-nosotros\/\",\"name\":\"Contacta con nosotros - Avision\",\"isPartOf\":{\"@id\":\"https:\/\/avisionteam.com\/es\/#website\"},\"primaryImageOfPage\":{\"@id\":\"https:\/\/avisionteam.com\/es\/contacta-con-nosotros\/#primaryimage\"},\"image\":{\"@id\":\"https:\/\/avisionteam.com\/es\/contacta-con-nosotros\/#primaryimage\"},\"thumbnailUrl\":\"https:\/\/avisionteam.com\/wp-content\/uploads\/2021\/10\/shape-divider-below-title.svg\",\"datePublished\":\"2021-11-22T18:58:42+00:00\",\"dateModified\":\"2025-05-23T15:38:33+00:00\",\"description\":\"Los fabricantes que busquen representaci\u00f3n, los distribuidores que deseen informaci\u00f3n sobre los fabricantes de Avision y los usuarios finales que busquen puntos de venta, ponte en contacto con nosotros hoy mismo.\",\"breadcrumb\":{\"@id\":\"https:\/\/avisionteam.com\/es\/contacta-con-nosotros\/#breadcrumb\"},\"inLanguage\":\"es\",\"potentialAction\":[{\"@type\":\"ReadAction\",\"target\":[\"https:\/\/avisionteam.com\/es\/contacta-con-nosotros\/\"]}]},{\"@type\":\"ImageObject\",\"inLanguage\":\"es\",\"@id\":\"https:\/\/avisionteam.com\/es\/contacta-con-nosotros\/#primaryimage\",\"url\":\"https:\/\/avisionteam.com\/wp-content\/uploads\/2021\/10\/shape-divider-below-title.svg\",\"contentUrl\":\"https:\/\/avisionteam.com\/wp-content\/uploads\/2021\/10\/shape-divider-below-title.svg\"},{\"@type\":\"BreadcrumbList\",\"@id\":\"https:\/\/avisionteam.com\/es\/contacta-con-nosotros\/#breadcrumb\",\"itemListElement\":[{\"@type\":\"ListItem\",\"position\":1,\"name\":\"Home\",\"item\":\"https:\/\/avisionteam.com\/es\/agencia-de-representacion-de-fabricantes-de-servicio-completo\/\"},{\"@type\":\"ListItem\",\"position\":2,\"name\":\"Contacta con nosotros\"}]},{\"@type\":\"WebSite\",\"@id\":\"https:\/\/avisionteam.com\/es\/#website\",\"url\":\"https:\/\/avisionteam.com\/es\/\",\"name\":\"Avision\",\"description\":\"\",\"potentialAction\":[{\"@type\":\"SearchAction\",\"target\":{\"@type\":\"EntryPoint\",\"urlTemplate\":\"https:\/\/avisionteam.com\/es\/?s={search_term_string}\"},\"query-input\":{\"@type\":\"PropertyValueSpecification\",\"valueRequired\":true,\"valueName\":\"search_term_string\"}}],\"inLanguage\":\"es\"}]}<\/script>\n<!-- \/ Yoast SEO plugin. -->","yoast_head_json":{"title":"Contacta con nosotros - Avision","description":"Los fabricantes que busquen representaci\u00f3n, los distribuidores que deseen informaci\u00f3n sobre los fabricantes de Avision y los usuarios finales que busquen puntos de venta, ponte en contacto con nosotros hoy mismo.","robots":{"index":"index","follow":"follow","max-snippet":"max-snippet:-1","max-image-preview":"max-image-preview:large","max-video-preview":"max-video-preview:-1"},"canonical":"https:\/\/avisionteam.com\/es\/contacta-con-nosotros\/","og_locale":"es_ES","og_type":"article","og_title":"Contacta con nosotros - Avision","og_description":"Los fabricantes que busquen representaci\u00f3n, los distribuidores que deseen informaci\u00f3n sobre los fabricantes de Avision y los usuarios finales que busquen puntos de venta, ponte en contacto con nosotros hoy mismo.","og_url":"https:\/\/avisionteam.com\/es\/contacta-con-nosotros\/","og_site_name":"Avision","article_modified_time":"2025-05-23T15:38:33+00:00","twitter_card":"summary_large_image","schema":{"@context":"https:\/\/schema.org","@graph":[{"@type":"WebPage","@id":"https:\/\/avisionteam.com\/es\/contacta-con-nosotros\/","url":"https:\/\/avisionteam.com\/es\/contacta-con-nosotros\/","name":"Contacta con nosotros - Avision","isPartOf":{"@id":"https:\/\/avisionteam.com\/es\/#website"},"primaryImageOfPage":{"@id":"https:\/\/avisionteam.com\/es\/contacta-con-nosotros\/#primaryimage"},"image":{"@id":"https:\/\/avisionteam.com\/es\/contacta-con-nosotros\/#primaryimage"},"thumbnailUrl":"https:\/\/avisionteam.com\/wp-content\/uploads\/2021\/10\/shape-divider-below-title.svg","datePublished":"2021-11-22T18:58:42+00:00","dateModified":"2025-05-23T15:38:33+00:00","description":"Los fabricantes que busquen representaci\u00f3n, los distribuidores que deseen informaci\u00f3n sobre los fabricantes de Avision y los usuarios finales que busquen puntos de venta, ponte en contacto con nosotros hoy mismo.","breadcrumb":{"@id":"https:\/\/avisionteam.com\/es\/contacta-con-nosotros\/#breadcrumb"},"inLanguage":"es","potentialAction":[{"@type":"ReadAction","target":["https:\/\/avisionteam.com\/es\/contacta-con-nosotros\/"]}]},{"@type":"ImageObject","inLanguage":"es","@id":"https:\/\/avisionteam.com\/es\/contacta-con-nosotros\/#primaryimage","url":"https:\/\/avisionteam.com\/wp-content\/uploads\/2021\/10\/shape-divider-below-title.svg","contentUrl":"https:\/\/avisionteam.com\/wp-content\/uploads\/2021\/10\/shape-divider-below-title.svg"},{"@type":"BreadcrumbList","@id":"https:\/\/avisionteam.com\/es\/contacta-con-nosotros\/#breadcrumb","itemListElement":[{"@type":"ListItem","position":1,"name":"Home","item":"https:\/\/avisionteam.com\/es\/agencia-de-representacion-de-fabricantes-de-servicio-completo\/"},{"@type":"ListItem","position":2,"name":"Contacta con nosotros"}]},{"@type":"WebSite","@id":"https:\/\/avisionteam.com\/es\/#website","url":"https:\/\/avisionteam.com\/es\/","name":"Avision","description":"","potentialAction":[{"@type":"SearchAction","target":{"@type":"EntryPoint","urlTemplate":"https:\/\/avisionteam.com\/es\/?s={search_term_string}"},"query-input":{"@type":"PropertyValueSpecification","valueRequired":true,"valueName":"search_term_string"}}],"inLanguage":"es"}]}},"_links":{"self":[{"href":"https:\/\/avisionteam.com\/es\/wp-json\/wp\/v2\/pages\/1537","targetHints":{"allow":["GET"]}}],"collection":[{"href":"https:\/\/avisionteam.com\/es\/wp-json\/wp\/v2\/pages"}],"about":[{"href":"https:\/\/avisionteam.com\/es\/wp-json\/wp\/v2\/types\/page"}],"author":[{"embeddable":true,"href":"https:\/\/avisionteam.com\/es\/wp-json\/wp\/v2\/users\/4"}],"replies":[{"embeddable":true,"href":"https:\/\/avisionteam.com\/es\/wp-json\/wp\/v2\/comments?post=1537"}],"version-history":[{"count":0,"href":"https:\/\/avisionteam.com\/es\/wp-json\/wp\/v2\/pages\/1537\/revisions"}],"wp:attachment":[{"href":"https:\/\/avisionteam.com\/es\/wp-json\/wp\/v2\/media?parent=1537"}],"curies":[{"name":"wp","href":"https:\/\/api.w.org\/{rel}","templated":true}]}}